{"id":9,"date":"2013-01-22T10:03:15","date_gmt":"2013-01-22T10:03:15","guid":{"rendered":"http:\/\/www.ggs-kellersberg-ost.de\/?page_id=9"},"modified":"2021-10-04T14:15:31","modified_gmt":"2021-10-04T14:15:31","slug":"das-schulprogramm","status":"publish","type":"page","link":"https:\/\/www.ggs-kellersberg-ost.de\/?page_id=9","title":{"rendered":"Schulportrait"},"content":{"rendered":"\r\n<div class=\"wp-block-image\">\r\n<figure class=\"aligncenter size-large is-resized\"><img loading=\"lazy\" decoding=\"async\" class=\"wp-image-1174\" src=\"https:\/\/www.ggs-kellersberg-ost.de\/wp-content\/uploads\/2020\/02\/Logo.png\" alt=\"\" width=\"393\" height=\"95\" \/>\r\n<figcaption>Gemeinschaftsgrundschule Alsdorf Kellersberg\/Ost<\/figcaption>\r\n<\/figure>\r\n<\/div>\r\n\r\n\r\n\r\n<p>Der etwas sperrige Name der Schule leitet sich aus den beiden Stadtteilen der Stadt Alsdorf, aus Kellersberg und Siedlung Ost ab. Die allermeisten Schulkinder kommen aus diesen beiden Stadtteilen. Unsere Grundschule besteht in ihrer jetzigen Form seit Sommer 2012. Vorher gab es in jedem der beiden Stadtteile eine eigene Grundschule, die jedoch wegen der gesunkenen Sch\u00fclerzahlen am Standort Ost zusammengelegt wurden.<\/p>\r\n\r\n\r\n\r\n<p>Das architektonisch hervorstechende Schulgeb\u00e4ude ist in den 1990er Jahren auf dem ehemaligen Sportplatz der Gerhart-Hauptmann-Schule (Hauptschule) erbaut worden.<\/p>\r\n\r\n\r\n\r\n<figure class=\"wp-block-image size-large\"><img decoding=\"async\" class=\"wp-image-1411\" src=\"https:\/\/www.ggs-kellersberg-ost.de\/wp-content\/uploads\/2020\/06\/20200528_160922-1024x609.jpg\" alt=\"\" \/>\r\n<figcaption>Das Schulgeb\u00e4ude<\/figcaption>\r\n<\/figure>\r\n\r\n\r\n\r\n<p>Die Klassenr\u00e4ume sind in 2 Etagen f\u00e4cherartig im Halbkreis um ein gro\u00dfes verglastes Forum mit B\u00fchne angeordnet. Gr\u00fcne Pflanzen sorgen f\u00fcr gute Luft und einen wohnlichen Gesamteindruck. Das Schulgel\u00e4nde ist weitl\u00e4ufig, und das Geb\u00e4ude ist von Rasenfl\u00e4chen umgeben. Viele Spielger\u00e4te und Kletterger\u00fcste sorgen f\u00fcr bewegungsreiche Pausen und freies Spiel im Nachmittagsbereich. Die Lage der Schule am Ortsrand erm\u00f6glicht spontane, ungef\u00e4hrliche Ausfl\u00fcge ins Naherholungsgebiet am Alsdorfer Weiher.\u00a0<\/p>\r\n\r\n\r\n\r\n<p>Die Eltern unserer Schulkinder sind vorwiegend Arbeiter, Angestellte oder Handwerker.<\/p>\r\n\r\n\r\n\r\n<p>Viele der H\u00e4user waren fr\u00fcher im Besitz der Bergwerksgesellschaft \u2013 die etwas gr\u00f6\u00dferen wurden von den Knappen bewohnt, die kleineren von den einfachen Arbeitern.<\/p>\r\n\r\n\r\n\r\n<p>Einige Wohnblocks mit Sozialwohnungen erg\u00e4nzen das Bild der beiden Stadtteile. Der Strukturwandel, mit dem die ehemalige Bergbaustadt Alsdorf zu k\u00e4mpfen hat, macht sich auch an der Schule bemerkbar. Etliche unserer Sch\u00fcler sind von der Arbeitslosigkeit ihrer Eltern betroffen.<\/p>\r\n\r\n\r\n\r\n<p class=\"has-text-align-center\" style=\"font-size: 30px;\"><strong>\u201eGemeinsam wagen &#8211; geborgen wachsen\u201c <\/strong> (unbekannter Verfasser)<\/p>\r\n\r\n\r\n\r\n<p>Dieses Schulmotto wurde von der GGS Alsdorf-Kellersberg \u00fcbernommen, als es 2012 zum Zusammenlegungsprozess kam. Da es in kurzer Form die Grundschularbeit auf den Punkt bringt, konnte und kann sich die Schulgemeinschaft damit identifizieren.<\/p>\r\n\r\n\r\n\r\n<p>Wir nehmen jedes Kind als Individuum wahr und legen Wert darauf, zusammen eine Gemeinschaft zu bilden, die unser Schulleben pr\u00e4gt und gestaltet. Das gemeinsame Miteinander basiert auf respektvollem und freundlichem Umgang. Unterricht und Schulleben werden so gestaltet, dass die Selbstst\u00e4ndigkeit jedes Kindes gef\u00f6rdert und gefordert wird. Der Schulalltag wird so transparent wie m\u00f6glich gestaltet.<\/p>\r\n\r\n\r\n\r\n<p>Im gesch\u00fctzten Raum der Grundschule soll jedes Kind positive Lernerfahrungen machen, Geborgenheit erfahren und neugierig und mutig seine Welt erforschen k\u00f6nnen.<\/p>\r\n\r\n\r\n\r\n<p>Dazu ist es wichtig, mehr und mehr von anderen Menschen und Lebensweisen kennen zu lernen. \u00dcber den Tellerrand des eigenen Ortsteils hinauszublicken, zu sehen, wie Menschen aus anderen Kulturen oder in anderen L\u00e4ndern leben ist ein wesentliches Ziel unserer Schule. Das Kennenlernen der in der Schule vertretenen Nationalit\u00e4ten geh\u00f6rt zu den Standards der Schule. Aber als Euregioprofil &#8211; Schule ist uns auch die Begegnung mit Kindern aus den Nachbarl\u00e4ndern der Euregio wichtig.<\/p>\r\n\r\n\r\n\r\n<div class=\"wp-block-group\">\r\n<div class=\"wp-block-group__inner-container is-layout-flow wp-block-group-is-layout-flow\">\r\n<p class=\"has-text-align-center has-large-font-size\"><strong>&#8211; V i e l f a l t &#8211;<\/strong><\/p>\r\n\r\n\r\n\r\n<p class=\"has-text-align-center\"><strong>und warum wir im Eingangsbereich einen bunten &#8222;Elmar&#8220; gestaltet haben <\/strong><\/p>\r\n<\/div>\r\n<\/div>\r\n\r\n\r\n\r\n<div class=\"wp-block-image\">\r\n<figure class=\"aligncenter size-large\"><img loading=\"lazy\" decoding=\"async\" width=\"1024\" height=\"504\" class=\"wp-image-1282\" src=\"https:\/\/www.ggs-kellersberg-ost.de\/wp-content\/uploads\/2020\/02\/ebcd0cc8-8757-4751-91ff-58306a19cc91-1024x504.jpg\" alt=\"\" srcset=\"https:\/\/www.ggs-kellersberg-ost.de\/wp-content\/uploads\/2020\/02\/ebcd0cc8-8757-4751-91ff-58306a19cc91-1024x504.jpg 1024w, https:\/\/www.ggs-kellersberg-ost.de\/wp-content\/uploads\/2020\/02\/ebcd0cc8-8757-4751-91ff-58306a19cc91-300x148.jpg 300w, https:\/\/www.ggs-kellersberg-ost.de\/wp-content\/uploads\/2020\/02\/ebcd0cc8-8757-4751-91ff-58306a19cc91-768x378.jpg 768w, https:\/\/www.ggs-kellersberg-ost.de\/wp-content\/uploads\/2020\/02\/ebcd0cc8-8757-4751-91ff-58306a19cc91.jpg 1517w\" sizes=\"auto, (max-width: 1024px) 100vw, 1024px\" \/><\/figure>\r\n<\/div>\r\n\r\n\r\n\r\n<p>Zurzeit besuchen \u00fcber 220 Kinder unsere Grundschule, wovon ca. 50 % Kinder einen Migrationshintergrund haben sowie sehr viele Kinder aus Fl\u00fcchtlings-familien, die \u00fcberhaupt kein Deutsch sprechen. Insgesamt besuchen ungef\u00e4hr 130 Kinder die Offene Ganztagsschule, davon profitieren ca. 80 % der Eltern vom BUT.<\/p>\r\n\r\n\r\n\r\n<p>Grunds\u00e4tzlich betrachten wir die verschiedenen Erstsprachen und kulturellen Besonderheiten, die unsere Kinder mit Migrationshintergrund mit in die Schule bringen, als eine Bereicherung unseres Schulalltages. Sie sollen ihre Mehrsprachigkeit als Reichtum, nicht als Mangel wahrnehmen. Die Wertsch\u00e4tzung der Familiensprache im Unterricht f\u00f6rdert den Zweitspracherwerb auf emotionaler Ebene, indem sie eine Atmosph\u00e4re des Vertrauens und Willkommens schafft.<\/p>\r\n\r\n\r\n\r\n<p>Es ist uns besonders wichtig, die sprachliche Handlungskompetenz wie auch die Lesekompetenz unserer Kinder so umfassend zu f\u00f6rdern, dass m\u00f6glichst alle Kinder an Schule und Schulleben erfolgreich teilnehmen k\u00f6nnen.<\/p>\r\n\r\n\r\n\r\n<p>Der Unterricht in unserem Schuleinzugsbereich ist aber nicht nur durch seine Sprachvielfalt, sondern auch durch seine soziale Problematik gekennzeichnet. Aufgrund des hohen Anteils von Kindern mit Migrationshintergrund, Kindern aus wenig bildungsbewussten Familien sowie Kindern mit besonderen Unterst\u00fctzungsbedarfen ist eine durchg\u00e4ngige F\u00f6rderung in allen schulischen Bereichen dringend notwendig.<\/p>\r\n","protected":false},"excerpt":{"rendered":"<p>Der etwas sperrige Name der Schule leitet sich aus den beiden Stadtteilen der Stadt Alsdorf, aus Kellersberg und Siedlung Ost ab. Die allermeisten Schulkinder kommen aus diesen beiden Stadtteilen. Unsere Grundschule besteht in ihrer jetzigen Form seit Sommer 2012. Vorher gab es in jedem der beiden Stadtteile eine eigene Grundschule, die jedoch wegen der gesunkenen &hellip; <a href=\"https:\/\/www.ggs-kellersberg-ost.de\/?page_id=9\" class=\"more-link\"><span class=\"screen-reader-text\">Schulportrait<\/span> weiterlesen<\/a><\/p>\n","protected":false},"author":1,"featured_media":0,"parent":0,"menu_order":1,"comment_status":"closed","ping_status":"open","template":"","meta":{"footnotes":""},"class_list":["post-9","page","type-page","status-publish","hentry"],"_links":{"self":[{"href":"https:\/\/www.ggs-kellersberg-ost.de\/index.php?rest_route=\/wp\/v2\/pages\/9","targetHints":{"allow":["GET"]}}],"collection":[{"href":"https:\/\/www.ggs-kellersberg-ost.de\/index.php?rest_route=\/wp\/v2\/pages"}],"about":[{"href":"https:\/\/www.ggs-kellersberg-ost.de\/index.php?rest_route=\/wp\/v2\/types\/page"}],"author":[{"embeddable":true,"href":"https:\/\/www.ggs-kellersberg-ost.de\/index.php?rest_route=\/wp\/v2\/users\/1"}],"replies":[{"embeddable":true,"href":"https:\/\/www.ggs-kellersberg-ost.de\/index.php?rest_route=%2Fwp%2Fv2%2Fcomments&post=9"}],"version-history":[{"count":23,"href":"https:\/\/www.ggs-kellersberg-ost.de\/index.php?rest_route=\/wp\/v2\/pages\/9\/revisions"}],"predecessor-version":[{"id":1830,"href":"https:\/\/www.ggs-kellersberg-ost.de\/index.php?rest_route=\/wp\/v2\/pages\/9\/revisions\/1830"}],"wp:attachment":[{"href":"https:\/\/www.ggs-kellersberg-ost.de\/index.php?rest_route=%2Fwp%2Fv2%2Fmedia&parent=9"}],"curies":[{"name":"wp","href":"https:\/\/api.w.org\/{rel}","templated":true}]}}