{"id":1247,"date":"2020-02-14T20:09:15","date_gmt":"2020-02-14T20:09:15","guid":{"rendered":"http:\/\/www.ggs-kellersberg-ost.de\/?page_id=1247"},"modified":"2025-10-08T11:30:59","modified_gmt":"2025-10-08T11:30:59","slug":"termine-2019-2020-2","status":"publish","type":"page","link":"https:\/\/www.ggs-kellersberg-ost.de\/?page_id=1247","title":{"rendered":"Termine 2025\/2026"},"content":{"rendered":"\n<figure class=\"wp-block-table\"><table class=\"has-fixed-layout\"><tbody><tr><td><strong>Ferienzeiten Schuljahr 2025\/26<\/strong><\/td><td><\/td><td class=\"has-text-align-center\" data-align=\"center\"><strong>OGS<\/strong><\/td><\/tr><tr><td>Herbstferien<\/td><td>Mo, 13.10. &#8211;  Fr, 24.10.2025<\/td><td class=\"has-text-align-center\" data-align=\"center\">Ferienspiele am Standort<br>(Anmeldung erforderlich)<\/td><\/tr><tr><td>Weihnachtsferien<\/td><td>Mo, 22.12.25 &#8211; Di, 06.01.2026<\/td><td class=\"has-text-align-center\" data-align=\"center\">keine Ferienspiele<\/td><\/tr><tr><td>Karneval<\/td><td>Fr, 13.02. &#8211; Di, 17.02.2026 <br>(bewegliche Ferientage)<\/td><td class=\"has-text-align-center\" data-align=\"center\">keine OGS<\/td><\/tr><tr><td>Osterferien<\/td><td>Mo, 30.03. &#8211; Fr, 10.04.2026<\/td><td class=\"has-text-align-center\" data-align=\"center\">erste Woche Ferienspiele am Standort, zweite Woche Ferienspiele am Standort Annapark<br>(Anmeldung erforderlich)<\/td><\/tr><tr><td>Pfingsten<\/td><td>Mo, 25.05. &#8211; Di, 26.05.2026<\/td><td class=\"has-text-align-center\" data-align=\"center\">keine OGS<\/td><\/tr><tr><td>Sommerferien<\/td><td>Mo, 20.07. &#8211; Di, 01.09.2026<\/td><td class=\"has-text-align-center\" data-align=\"center\">erste Ferienh\u00e4lfte Ferienspiele am Standort,zweite Ferienh\u00e4lfte Ferienspiele am Standort Annapark<br>(Anmeldung erforderlich)<\/td><\/tr><\/tbody><\/table><\/figure>\n\n\n\n<figure class=\"wp-block-table\"><table class=\"has-fixed-layout\"><tbody><tr><td><strong>Termine <\/strong><\/td><td><strong>Schuljahr 2025\/26<\/strong><\/td><td><strong>Wer?<\/strong><\/td><\/tr><tr><td><strong>Mittwoch 12.11.25 <br>17.30 Uhr<\/strong><\/td><td>Martinsfest in der Schule<\/td><td>alle Sch\u00fclerInnen und Eltern. <br>Informationen folgen \u00fcber Sdui.<\/td><\/tr><tr><td><strong>03.11. &#8211; 14.11.25 <br>(Klasse 1\/2)<br>17.11. &#8211; 28.11.25<br>(Klasse 3\/4)<\/strong><\/td><td>Elternsprechtagszeitraum<\/td><td>Klassen 1-4, Informationen folgen \u00fcber die Lehrkr\u00e4fte<\/td><\/tr><\/tbody><\/table><\/figure>\n\n\n\n<figure class=\"wp-block-table\"><table class=\"has-fixed-layout\"><tbody><tr><td><strong>Termine zum Vormerken<\/strong><\/td><td><strong>2026<\/strong><\/td><td><strong>Wer?<\/strong><\/td><\/tr><tr><td><strong>02.03. &#8211; 13.03.26<br>(Klasse 1\/2)<br>16.03. &#8211; 27.03.26<br>(Klasse 3\/4*)<\/strong> <\/td><td>Elternsprechtagszeitraum<\/td><td>Klassen 1-4, Informationen folgen \u00fcber die Lehrkr\u00e4fte.<br>* Klasse 4 nach Bedarf<\/td><\/tr><tr><td><strong>Samstag, 25.04. 2026<\/strong><\/td><td>Sponsorenlauf<\/td><td>Schulpflicht f\u00fcr alle Sch\u00fclerInnen (Ausgleich f\u00fcr beweglichen Ferientag)<br>Informationen folgen. <\/td><\/tr><tr><td><strong>Fr, 15.05.26 <\/strong><\/td><td>Ausgleichstag f\u00fcr Sponsorenlauf<\/td><td>kein Unterricht und keine OGS<\/td><\/tr><tr><td><strong>Fr, 05.06.26<\/strong><\/td><td>Ausgleichstag f\u00fcr Spiel-Sportfest<\/td><td>kein Unterricht und keine OGS<\/td><\/tr><tr><td><strong>Samstag, 13.06.2026<\/strong><\/td><td>Spiel- Sportfest<\/td><td>Schulpflicht f\u00fcr alle Sch\u00fclerInnen (Ausgleich f\u00fcr beweglichen Ferientag)<br>Informationen folgen.<\/td><\/tr><\/tbody><\/table><\/figure>\n","protected":false},"excerpt":{"rendered":"<p>Ferienzeiten Schuljahr 2025\/26 OGS Herbstferien Mo, 13.10. &#8211; Fr, 24.10.2025 Ferienspiele am Standort(Anmeldung erforderlich) Weihnachtsferien Mo, 22.12.25 &#8211; Di, 06.01.2026 keine Ferienspiele Karneval Fr, 13.02. &#8211; Di, 17.02.2026 (bewegliche Ferientage) keine OGS Osterferien Mo, 30.03. &#8211; Fr, 10.04.2026 erste Woche Ferienspiele am Standort, zweite Woche Ferienspiele am Standort Annapark(Anmeldung erforderlich) Pfingsten Mo, 25.05. &#8211; Di, &hellip; <a href=\"https:\/\/www.ggs-kellersberg-ost.de\/?page_id=1247\" class=\"more-link\"><span class=\"screen-reader-text\">Termine 2025\/2026<\/span> weiterlesen<\/a><\/p>\n","protected":false},"author":1,"featured_media":0,"parent":0,"menu_order":0,"comment_status":"closed","ping_status":"closed","template":"","meta":{"footnotes":""},"class_list":["post-1247","page","type-page","status-publish","hentry"],"_links":{"self":[{"href":"https:\/\/www.ggs-kellersberg-ost.de\/index.php?rest_route=\/wp\/v2\/pages\/1247","targetHints":{"allow":["GET"]}}],"collection":[{"href":"https:\/\/www.ggs-kellersberg-ost.de\/index.php?rest_route=\/wp\/v2\/pages"}],"about":[{"href":"https:\/\/www.ggs-kellersberg-ost.de\/index.php?rest_route=\/wp\/v2\/types\/page"}],"author":[{"embeddable":true,"href":"https:\/\/www.ggs-kellersberg-ost.de\/index.php?rest_route=\/wp\/v2\/users\/1"}],"replies":[{"embeddable":true,"href":"https:\/\/www.ggs-kellersberg-ost.de\/index.php?rest_route=%2Fwp%2Fv2%2Fcomments&post=1247"}],"version-history":[{"count":57,"href":"https:\/\/www.ggs-kellersberg-ost.de\/index.php?rest_route=\/wp\/v2\/pages\/1247\/revisions"}],"predecessor-version":[{"id":2324,"href":"https:\/\/www.ggs-kellersberg-ost.de\/index.php?rest_route=\/wp\/v2\/pages\/1247\/revisions\/2324"}],"wp:attachment":[{"href":"https:\/\/www.ggs-kellersberg-ost.de\/index.php?rest_route=%2Fwp%2Fv2%2Fmedia&parent=1247"}],"curies":[{"name":"wp","href":"https:\/\/api.w.org\/{rel}","templated":true}]}}