{"id":1231,"date":"2020-02-14T14:23:46","date_gmt":"2020-02-14T14:23:46","guid":{"rendered":"http:\/\/www.ggs-kellersberg-ost.de\/?page_id=1231"},"modified":"2025-09-25T08:08:05","modified_gmt":"2025-09-25T08:08:05","slug":"unterrichtszeiten","status":"publish","type":"page","link":"https:\/\/www.ggs-kellersberg-ost.de\/?page_id=1231","title":{"rendered":"Unterrichtszeiten"},"content":{"rendered":"<div class=\"wp-block-image is-resized is-style-default\">\n<figure class=\"alignleft size-large\"><img loading=\"lazy\" decoding=\"async\" width=\"100\" height=\"100\" src=\"https:\/\/www.ggs-kellersberg-ost.de\/wp-content\/uploads\/2013\/01\/Glocke-Line-e1581690432229.png\" alt=\"\" class=\"wp-image-111\"\/><\/figure>\n<\/div>\n\n\n<p>&nbsp;<\/p>\n\n\n\n<figure class=\"wp-block-table is-style-stripes\"><table class=\"has-fixed-layout\"><tbody><tr><td><span style=\"font-size: 14pt;\"><strong>Stunde<\/strong><\/span><\/td><td><p><span style=\"font-size: 14pt;\"><strong>Pommernstra\u00dfe<\/strong><\/span><\/p> <p><span style=\"font-size: 14pt;\"><strong>Alle Klassen<\/strong><\/span><\/p><\/td><td><\/td><\/tr><tr><td><strong>1. Stunde<\/strong><\/td><td>08.00 &#8211; 08.45 Uhr<\/td><td><\/td><\/tr><tr><td><strong>2. Stunde<\/strong><\/td><td>08.45 &#8211; 09.30 Uhr<\/td><td><\/td><\/tr><tr><td><span style=\"font-size: 10pt;\"><strong>Hof + Fr\u00fchst\u00fcckspause<\/strong><\/span><\/td><td><span style=\"font-size: 10pt;\">09.30 &#8211; 10.00 Uhr<\/span><\/td><td><\/td><\/tr><tr><td><strong>3. Stunde<\/strong><\/td><td>10.00 &#8211; 10.45 Uhr<\/td><td><\/td><\/tr><tr><td><strong>4. Stunde<\/strong><\/td><td>10.45 &#8211; 11.30 Uhr<\/td><td><\/td><\/tr><tr><td><span style=\"font-size: 10pt;\"><strong>Hof + Trinkpause<\/strong><\/span><\/td><td><span style=\"font-size: 10pt;\">11.30 &#8211; 11.45 Uhr<\/span><\/td><td><\/td><\/tr><tr><td><strong>5. Stunde<\/strong><\/td><td>11.45 &#8211; 12.30 Uhr<\/td><td><\/td><\/tr><tr><td><strong>6. Stunde<\/strong><\/td><td>12.30 &#8211; 13.15 Uhr<\/td><td><\/td><\/tr><tr><td><strong>7. Stunde\u00a0<\/strong><\/td><td>13.15 &#8211; 14.00 Uhr<\/td><td><\/td><\/tr><tr><td>\u00a0<strong>8. Stunde<\/strong><\/td><td>\u00a014.00 &#8211; 14.45 Uhr<\/td><td>&nbsp;<\/td><\/tr><\/tbody><\/table><\/figure>\n","protected":false},"excerpt":{"rendered":"<p>&nbsp; Stunde Pommernstra\u00dfe Alle Klassen 1. Stunde 08.00 &#8211; 08.45 Uhr 2. Stunde 08.45 &#8211; 09.30 Uhr Hof + Fr\u00fchst\u00fcckspause 09.30 &#8211; 10.00 Uhr 3. Stunde 10.00 &#8211; 10.45 Uhr 4. Stunde 10.45 &#8211; 11.30 Uhr Hof + Trinkpause 11.30 &#8211; 11.45 Uhr 5. Stunde 11.45 &#8211; 12.30 Uhr 6. Stunde 12.30 &#8211; 13.15 Uhr &hellip; <a href=\"https:\/\/www.ggs-kellersberg-ost.de\/?page_id=1231\" class=\"more-link\"><span class=\"screen-reader-text\">Unterrichtszeiten<\/span> weiterlesen<\/a><\/p>\n","protected":false},"author":1,"featured_media":0,"parent":0,"menu_order":0,"comment_status":"closed","ping_status":"closed","template":"","meta":{"footnotes":""},"class_list":["post-1231","page","type-page","status-publish","hentry"],"_links":{"self":[{"href":"https:\/\/www.ggs-kellersberg-ost.de\/index.php?rest_route=\/wp\/v2\/pages\/1231","targetHints":{"allow":["GET"]}}],"collection":[{"href":"https:\/\/www.ggs-kellersberg-ost.de\/index.php?rest_route=\/wp\/v2\/pages"}],"about":[{"href":"https:\/\/www.ggs-kellersberg-ost.de\/index.php?rest_route=\/wp\/v2\/types\/page"}],"author":[{"embeddable":true,"href":"https:\/\/www.ggs-kellersberg-ost.de\/index.php?rest_route=\/wp\/v2\/users\/1"}],"replies":[{"embeddable":true,"href":"https:\/\/www.ggs-kellersberg-ost.de\/index.php?rest_route=%2Fwp%2Fv2%2Fcomments&post=1231"}],"version-history":[{"count":16,"href":"https:\/\/www.ggs-kellersberg-ost.de\/index.php?rest_route=\/wp\/v2\/pages\/1231\/revisions"}],"predecessor-version":[{"id":2313,"href":"https:\/\/www.ggs-kellersberg-ost.de\/index.php?rest_route=\/wp\/v2\/pages\/1231\/revisions\/2313"}],"wp:attachment":[{"href":"https:\/\/www.ggs-kellersberg-ost.de\/index.php?rest_route=%2Fwp%2Fv2%2Fmedia&parent=1231"}],"curies":[{"name":"wp","href":"https:\/\/api.w.org\/{rel}","templated":true}]}}