{"id":1193,"date":"2020-02-12T15:35:01","date_gmt":"2020-02-12T15:35:01","guid":{"rendered":"http:\/\/www.ggs-kellersberg-ost.de\/?page_id=1193"},"modified":"2023-05-12T13:21:09","modified_gmt":"2023-05-12T13:21:09","slug":"schulsozialarbeit","status":"publish","type":"page","link":"https:\/\/www.ggs-kellersberg-ost.de\/?page_id=1193","title":{"rendered":"Schulsozialarbeit"},"content":{"rendered":"\r\n<p class=\"western\"><span style=\"font-family: Arial, sans-serif;\"><b>Wiltrud Golpon-Stroh<br \/><\/b><\/span><span style=\"font-family: Arial, sans-serif;\">Dipl.-Sozialp\u00e4dagogin<br \/><br \/><\/span><span style=\"font-family: Arial, sans-serif;\">Telefon: 02404 &#8211; 919590<br \/><\/span><span style=\"font-family: Arial, sans-serif;\">Mobil: 0163 &#8211; 924 22 74<\/span><\/p>\r\n<p class=\"western\"><span style=\"font-family: Arial, sans-serif;\"><span lang=\"it-IT\">E-Mail: <a href=\"mailto:w.golpon-stroh@vabw.de\">w.golpon-stroh@vabw.de<\/a><\/span><\/span><\/p>\r\n\r\n\r\n\r\n\r\n\r\n<p class=\"western\"><span style=\"font-family: Arial, sans-serif;\">F\u00fcr mehr Informationen klicken sie hier auf den<span style=\"font-family: arial, helvetica, sans-serif;\"> <a href=\"https:\/\/www.ggs-kellersberg-ost.de\/wp-content\/uploads\/2023\/05\/SchulsozaialarbeitvorstellungEltern.pdf\">Elterninformationsbrief.<\/a><\/span><\/span><\/p>\r\n<p class=\"western\"><span style=\"font-family: Arial, sans-serif;\"><b>Arbeitszeiten:<\/b><\/span><\/p>\r\n<p class=\"western\"><span style=\"font-family: Arial, sans-serif;\"><b>Dienstag 8.45 \u2013 13.30 Uhr<br \/><\/b><\/span><span style=\"font-family: Arial, sans-serif;\"><b>Mittwoch 8.45 \u2013 13.30 Uhr<br \/><\/b><\/span><span style=\"font-family: Arial, sans-serif;\"><b>Donnerstag 8.45 \u2013 12.00 Uhr<\/b><\/span><\/p>\r\n<p class=\"western\"><span style=\"font-family: Arial, sans-serif;\">Wenn Sie Fragen zu meiner Arbeit haben oder gerne einen Termin f\u00fcr ein Gespr\u00e4ch in der Schule h\u00e4tten, k\u00f6nnen Sie mich gerne kontaktieren und einen Termin mit mir vereinbaren!<\/span><\/p>\r\n<p class=\"western\"><span style=\"font-family: Arial, sans-serif;\">Ich freue mich auf eine gute und vertrauensvolle Zusammenarbeit!<\/span><\/p>\r\n<p class=\"western\"><span style=\"font-family: Arial, sans-serif;\">Wiltrud Golpon-Stroh<\/span><\/p>\r\n","protected":false},"excerpt":{"rendered":"<p>Wiltrud Golpon-StrohDipl.-Sozialp\u00e4dagogin Telefon: 02404 &#8211; 919590Mobil: 0163 &#8211; 924 22 74 E-Mail: w.golpon-stroh@vabw.de F\u00fcr mehr Informationen klicken sie hier auf den Elterninformationsbrief. Arbeitszeiten: Dienstag 8.45 \u2013 13.30 UhrMittwoch 8.45 \u2013 13.30 UhrDonnerstag 8.45 \u2013 12.00 Uhr Wenn Sie Fragen zu meiner Arbeit haben oder gerne einen Termin f\u00fcr ein Gespr\u00e4ch in der Schule h\u00e4tten, k\u00f6nnen &hellip; <a href=\"https:\/\/www.ggs-kellersberg-ost.de\/?page_id=1193\" class=\"more-link\"><span class=\"screen-reader-text\">Schulsozialarbeit<\/span> weiterlesen<\/a><\/p>\n","protected":false},"author":1,"featured_media":0,"parent":0,"menu_order":0,"comment_status":"closed","ping_status":"closed","template":"","meta":{"footnotes":""},"class_list":["post-1193","page","type-page","status-publish","hentry"],"_links":{"self":[{"href":"https:\/\/www.ggs-kellersberg-ost.de\/index.php?rest_route=\/wp\/v2\/pages\/1193","targetHints":{"allow":["GET"]}}],"collection":[{"href":"https:\/\/www.ggs-kellersberg-ost.de\/index.php?rest_route=\/wp\/v2\/pages"}],"about":[{"href":"https:\/\/www.ggs-kellersberg-ost.de\/index.php?rest_route=\/wp\/v2\/types\/page"}],"author":[{"embeddable":true,"href":"https:\/\/www.ggs-kellersberg-ost.de\/index.php?rest_route=\/wp\/v2\/users\/1"}],"replies":[{"embeddable":true,"href":"https:\/\/www.ggs-kellersberg-ost.de\/index.php?rest_route=%2Fwp%2Fv2%2Fcomments&post=1193"}],"version-history":[{"count":9,"href":"https:\/\/www.ggs-kellersberg-ost.de\/index.php?rest_route=\/wp\/v2\/pages\/1193\/revisions"}],"predecessor-version":[{"id":2151,"href":"https:\/\/www.ggs-kellersberg-ost.de\/index.php?rest_route=\/wp\/v2\/pages\/1193\/revisions\/2151"}],"wp:attachment":[{"href":"https:\/\/www.ggs-kellersberg-ost.de\/index.php?rest_route=%2Fwp%2Fv2%2Fmedia&parent=1193"}],"curies":[{"name":"wp","href":"https:\/\/api.w.org\/{rel}","templated":true}]}}