{"id":1186,"date":"2020-02-12T15:25:14","date_gmt":"2020-02-12T15:25:14","guid":{"rendered":"http:\/\/www.ggs-kellersberg-ost.de\/?page_id=1186"},"modified":"2026-04-16T19:17:22","modified_gmt":"2026-04-16T19:17:22","slug":"aktuelles","status":"publish","type":"page","link":"https:\/\/www.ggs-kellersberg-ost.de\/","title":{"rendered":"Aktuelles &#8211; NEWS NEWS NEWS"},"content":{"rendered":"<p style=\"text-align: center;\">Stand 16.04.2026<br \/>\n<strong>TAG der OFFENEN T\u00dcR<br \/>\n13.06.2026<br \/>\nZeitraum: 09.00 Uhr bis 12.00 Uhr (aktuelle Schulkinder)<br \/>\nG\u00e4ste herzlich Willkommen in der Zeit von 10.00Uhr bis 12.00 Uhr.<\/strong><\/p>\n<p style=\"text-align: center;\"><strong>Unsere Schulneulinge, welche ab Sommer unsere Klassen 1 gehen, sind herzlich eingeladen, um 10 Uhr zu Frau Elfi in den Tigerraum (siehe Beschilderung) zu kommen.\u00a0<\/strong><\/p>\n<p style=\"text-align: center;\"><strong>Wir freuen uns auf einen wundervollen Tag.\u00a0<\/strong><\/p>\n<p style=\"text-align: center;\">Stand 16.04.2025<br \/>\nTermine 2025\/2026 wurden aktualisiert.<\/p>\n<p style=\"text-align: center;\">Stand 25.08.2025<br \/>\nEin herzliches Hallo zur\u00fcck aus den Ferien. Wir w\u00fcnschen allen Sch\u00fclerinnen und Sch\u00fclern der Klassen 2-4 am Mittwoch, den 27.08.2025 einen guten Start zur\u00fcck in der Schule. Endlich wieder vereint am Standort Pommernstra\u00dfe.<br \/>\n<strong>Der Eingang in die Schule ist f\u00fcr die erste Zeit noch \u00fcber die Liegnitzer Stra\u00dfe (Seiteneingang an der OGS vorbei) !!!<br \/>\nDer Weg entlang der Turnhalle ist zur Zeit gesperrt.<br \/>\n<\/strong>Achten Sie hier bitte unbedingt auf ein sicheres Bringen der Kinder, indem Sie am Gerhardt-Hauptmann-Platz parken und die Kinder das kurze St\u00fcck zu Fuss laufen!<\/p>\n<p style=\"text-align: center;\">Der <strong>Unterricht f\u00fcr die Klassen 2-4 beginnt um 8:00 Uhr und endet um 11.30 Uhr.<\/strong> Die OGS findet im Anschluss statt. Und die Buskinder werden zum Bus gebracht und nach Hause gebracht.<\/p>\n<p style=\"text-align: center;\">Am Donnerstag den 28.08.2025 d\u00fcrfen wir dann endlich unser Schulneulinge an der GGS Alsdorf Kellersberg\/Ost begr\u00fc\u00dfen. Wir freuen uns schon sehr auf euch.<br \/>\nHier noch einmal die Zeiten f\u00fcr die Einschulungsfeier, die in 2 Etappen stattfindet.<br \/>\n<strong>Klasse 1a und 1b: 9:00 Uhr- 10:30 Uhr<\/strong><br \/>\n<strong>Klasse 1c: 11:00 Uhr &#8211; 12:30 Uhr<\/strong><br \/>\nBitte folgen Sie der Beschilderung.<\/p>\n<p style=\"text-align: center;\">Wir freuen uns auf einen sch\u00f6nen, gut erholten und bunten gemeinsamen Start in das Schuljahr 2025\/2026<\/p>\n<p>____________________<br \/>\n<img loading=\"lazy\" decoding=\"async\" class=\"aligncenter size-full wp-image-2297\" src=\"https:\/\/www.ggs-kellersberg-ost.de\/wp-content\/uploads\/2025\/08\/Aktuelles-LOGO.jpg\" alt=\"\" width=\"1024\" height=\"1024\" srcset=\"https:\/\/www.ggs-kellersberg-ost.de\/wp-content\/uploads\/2025\/08\/Aktuelles-LOGO.jpg 1024w, https:\/\/www.ggs-kellersberg-ost.de\/wp-content\/uploads\/2025\/08\/Aktuelles-LOGO-300x300.jpg 300w, https:\/\/www.ggs-kellersberg-ost.de\/wp-content\/uploads\/2025\/08\/Aktuelles-LOGO-150x150.jpg 150w, https:\/\/www.ggs-kellersberg-ost.de\/wp-content\/uploads\/2025\/08\/Aktuelles-LOGO-768x768.jpg 768w\" sizes=\"auto, (max-width: 1024px) 100vw, 1024px\" \/>Der F\u00f6rderverein strahlt mit neuem LOGO und freut sch auch in diesem Jahr \u00fcber zahlreiche neue Mitglieder oder Einmalspender.<br \/>\nVon unserer Seite ein riesiges Dankesch\u00f6n an den F\u00f6rderverein f\u00fcr die gute Zusammenarbeit und die gro\u00dfz\u00fcgige finanzielle Unterst\u00fctzung!<\/p>\n<p style=\"text-align: center;\"><a href=\"https:\/\/www.ggs-kellersberg-ost.de\/?page_id=28\">Flyer und Infos rund um den F\u00f6rderverein finden Sie hier:<\/a><\/p>\n<p style=\"text-align: center;\">Liebe Gr\u00fc\u00dfe das Team der GGS Alsdorf Kellersberg\/Ost<\/p>\n<p>&nbsp;<\/p>\n<p style=\"text-align: center;\">Stand 28.02.2024<br \/>\n<img loading=\"lazy\" decoding=\"async\" class=\" wp-image-2230 alignleft\" src=\"https:\/\/www.ggs-kellersberg-ost.de\/wp-content\/uploads\/2024\/02\/IMG_2070.jpeg\" alt=\"\" width=\"280\" height=\"421\" \/>Liebe Eltern,<br \/>\nab <strong>Montag, 4. M\u00e4rz 2024 beginnt unsere Gro\u00dfbaustelle am Standort Ost.<\/strong> Der Unterricht sowie die OGS-Betreuung laufen wie bisher weiter. Sicherlich wird es anfangs sehr ungewohnt sein, auch wegen der L\u00e4rmbel\u00e4stigung. Auf dem bisherigen vorderen Schulhof beginnt der Bau unseres Schulerweiterungsgeb\u00e4udes. Der neue hintere Schulhof wird dann ab dem 4.3. genutzt. Die Kinder werden diesen ausf\u00fchrlich erkunden, so dass es f\u00fcr alle ein Vergn\u00fcgen sein wird, diesen besonders sch\u00f6nen neuen Schulhof endlich nutzen zu k\u00f6nnen. Da der Bauzaun den gesamten vorderen Bereich bis hin zur Turnhalle umfasst, ist der<br \/>\n<strong>Eingang vor\u00fcbergehend w\u00e4hrend der Bauzeit verlegt worden. Dieser erfolgt \u00fcber die Liegnitzer Stra\u00dfe.<\/strong> Direkt vor der Hausnummer <strong>1G<\/strong> ist ein \u00f6ffentlicher Weg mit einer <strong>Wegesperre in rotweiss.<\/strong><br \/>\n<img loading=\"lazy\" decoding=\"async\" class=\"wp-image-2232 alignleft\" src=\"https:\/\/www.ggs-kellersberg-ost.de\/wp-content\/uploads\/2024\/02\/IMG_2067-472x1024.png\" alt=\"\" width=\"105\" height=\"228\" \/><br \/>\nDiesen Weg gehen Sie geradeaus b<img loading=\"lazy\" decoding=\"async\" class=\"wp-image-2231 alignright\" style=\"text-align: center;\" src=\"https:\/\/www.ggs-kellersberg-ost.de\/wp-content\/uploads\/2024\/02\/178bf788-21a5-4f7e-9371-efee994149f4-768x1024.jpeg\" alt=\"\" width=\"178\" height=\"238\" \/>is zum gr\u00fcnen Tor. <strong>Hier haben wir unser Schulschild befestigt<\/strong>.<br \/>\nBitte folgen Sie diesem gepflasterten Weg, der hinter<\/p>\n<p>dem OGS-Geb\u00e4ude bis zum<br \/>\nSchuleingang bzw. zum hinteren<br \/>\nSchulhof f\u00fchrt.<\/p>\n<p style=\"text-align: center;\"><span style=\"color: #ff0000;\"><strong>Und ganz wichtig:<\/strong><\/span><br \/>\n<span style=\"color: #ff0000;\"><strong>Parken Sie BITTE zur Sicherheit der Kinder nicht direkt am Eingang an der Liegnitzer Stra\u00dfe, sondern in der n\u00e4heren Umgebung (Ge<\/strong><strong>r<\/strong><strong>hart-Hauptmann-Platz)<\/strong> und gehen Sie mit Ihrem Kind oder einer Kindergruppe zu Fu\u00df zum Standort Ost.<\/span><br \/>\n<strong>Bedenken Sie, dass aus der Pommernstrasse 2a vor der Schule viele gef\u00e4hrliche Baufahr<\/strong><strong>zeuge fahren werden.<\/strong> Weiterhin werden morgens und mittags die <strong>Schulbusse direkt vor der Schule<\/strong> stehen, so dass es f\u00fcr alle Verkehrsteilnehmer gef\u00e4hrlich werden kann.<strong> Die Polizei und das Ordnungsamt werden in der n\u00e4chsten Zeit verst\u00e4rkt vor Ort sein<\/strong>, um die Eltern und Kinder auf dem Schulweg zu unterst\u00fctzen.In diesem Sinne hoffe ich auf eine weiterhin gute Zusammenarbeit.<br \/>\nFreundliche Gr\u00fc\u00dfe das gesamte Team der GGS Kellersberg\/Ost<\/p>\n","protected":false},"excerpt":{"rendered":"<p>Stand 16.04.2026 TAG der OFFENEN T\u00dcR 13.06.2026 Zeitraum: 09.00 Uhr bis 12.00 Uhr (aktuelle Schulkinder) G\u00e4ste herzlich Willkommen in der Zeit von 10.00Uhr bis 12.00 Uhr. Unsere Schulneulinge, welche ab Sommer unsere Klassen 1 gehen, sind herzlich eingeladen, um 10 Uhr zu Frau Elfi in den Tigerraum (siehe Beschilderung) zu kommen.\u00a0 Wir freuen uns auf &hellip; <a href=\"https:\/\/www.ggs-kellersberg-ost.de\/\" class=\"more-link\"><span class=\"screen-reader-text\">Aktuelles &#8211; NEWS NEWS NEWS<\/span> weiterlesen<\/a><\/p>\n","protected":false},"author":1,"featured_media":0,"parent":0,"menu_order":0,"comment_status":"closed","ping_status":"closed","template":"","meta":{"footnotes":""},"class_list":["post-1186","page","type-page","status-publish","hentry"],"_links":{"self":[{"href":"https:\/\/www.ggs-kellersberg-ost.de\/index.php?rest_route=\/wp\/v2\/pages\/1186","targetHints":{"allow":["GET"]}}],"collection":[{"href":"https:\/\/www.ggs-kellersberg-ost.de\/index.php?rest_route=\/wp\/v2\/pages"}],"about":[{"href":"https:\/\/www.ggs-kellersberg-ost.de\/index.php?rest_route=\/wp\/v2\/types\/page"}],"author":[{"embeddable":true,"href":"https:\/\/www.ggs-kellersberg-ost.de\/index.php?rest_route=\/wp\/v2\/users\/1"}],"replies":[{"embeddable":true,"href":"https:\/\/www.ggs-kellersberg-ost.de\/index.php?rest_route=%2Fwp%2Fv2%2Fcomments&post=1186"}],"version-history":[{"count":226,"href":"https:\/\/www.ggs-kellersberg-ost.de\/index.php?rest_route=\/wp\/v2\/pages\/1186\/revisions"}],"predecessor-version":[{"id":2330,"href":"https:\/\/www.ggs-kellersberg-ost.de\/index.php?rest_route=\/wp\/v2\/pages\/1186\/revisions\/2330"}],"wp:attachment":[{"href":"https:\/\/www.ggs-kellersberg-ost.de\/index.php?rest_route=%2Fwp%2Fv2%2Fmedia&parent=1186"}],"curies":[{"name":"wp","href":"https:\/\/api.w.org\/{rel}","templated":true}]}}